{"id":720,"date":"2023-01-25T17:36:03","date_gmt":"2023-01-25T16:36:03","guid":{"rendered":"https:\/\/www.allergiesicher.de\/?page_id=720"},"modified":"2023-02-05T10:31:13","modified_gmt":"2023-02-05T09:31:13","slug":"shop-2","status":"publish","type":"page","link":"https:\/\/www.allergiesicher.de\/?page_id=720","title":{"rendered":"SHOP"},"content":{"rendered":"\n<p><\/p>\n\n\n\n<h2 class=\"has-text-align-center\">AllergieSicher &#8211; Shop<\/h2>\n\n\n<p style=\"text-align: center;\"><span style=\"color: #ff0000;\"><strong>Alle unsere Produkte k\u00f6nnen sowohl bei uns per Email, <\/strong><\/span><br><strong><span style=\"color: #ff0000;\">als auch telefonisch bestellt werden.<\/span> <\/strong><br><strong><br><\/strong><\/p>\n\n\n<h2 class=\"has-text-align-center\">Garreler Kochbuch<\/h2>\n\n\n<p style=\"text-align: center;\"><span style=\"color: #ff0000;\"><strong><em>Jetzt NEU! Das Garreler Kochbuch!<\/em><\/strong><\/span><\/p>\n<p style=\"text-align: center;\">Das Garreler Kochbuch ist eine Rezeptesammlung <br>mit \u00fcber 200 Traditions- und Lieblingsrezepten <br>von Garreler Privatpersonen, Gastronomen, <br>Landfrauen, Kinder und lebensmittelverarbeitenden <br>Unternehmen. <br>Da in dem Jahr 2022 das nette \u00d6rtchen <br>150 Jahre feiert, darf ein solches Kochbuch <br>nat\u00fcrlich nicht fehlen.<\/p>\n<p style=\"text-align: center;\"><strong>Bestellbar unter: info@allergiesicher.de<\/strong><br><strong>Preis: 14,99\u20ac <\/strong>zzgl. Versandkosten<\/p>\n<p><\/p>\n\n\n<div class=\"wp-block-image\"><figure class=\"aligncenter size-large is-resized\"><img loading=\"lazy\" src=\"https:\/\/www.allergiesicher.de\/wp-content\/uploads\/2022\/11\/IMG_7014-1024x683.jpg\" alt=\"\" class=\"wp-image-683\" width=\"533\" height=\"355\" srcset=\"https:\/\/www.allergiesicher.de\/wp-content\/uploads\/2022\/11\/IMG_7014-1024x683.jpg 1024w, https:\/\/www.allergiesicher.de\/wp-content\/uploads\/2022\/11\/IMG_7014-300x200.jpg 300w, https:\/\/www.allergiesicher.de\/wp-content\/uploads\/2022\/11\/IMG_7014-768x512.jpg 768w, https:\/\/www.allergiesicher.de\/wp-content\/uploads\/2022\/11\/IMG_7014-1536x1024.jpg 1536w, https:\/\/www.allergiesicher.de\/wp-content\/uploads\/2022\/11\/IMG_7014-2048x1365.jpg 2048w\" sizes=\"(max-width: 533px) 100vw, 533px\" \/><\/figure><\/div>\n\n\n\n<div style=\"height:43px\" aria-hidden=\"true\" class=\"wp-block-spacer\"><\/div>\n\n\n\n<h2 class=\"has-text-align-center\">Meine Allergie &amp; Ich <br><em>Das Eintragbuch<\/em><\/h2>\n\n\n<p style=\"text-align: center;\">Dein pers\u00f6nliches &#8222;Meine Allergie &amp; Ich&#8220;- Eintragbuch vereint <br>deine Allergien und Unvertr\u00e4glichkeiten <br>auf die sch\u00f6nste Art und Weise. <br>Vorgefertigte Seiten zum Ausf\u00fcllen mit viel Platz <br>f\u00fcr \u00dcbersichttabellen halten deine notwendigen Dokumente, <br>Testergebnisse und deine pers\u00f6nliche Lebensmittelauswahl fest. <br>Somit ist dieses Buch dein freundlicher Begleiter und wird <br>dir stets zur Seite stehen.<\/p>\n<p style=\"text-align: center;\"><strong>Bestellbar unter: info@allergiesicher.de<\/strong><br><strong>Preis: 12,99\u20ac <\/strong>zzgl. Versandkosten<\/p>\n<p><\/p>\n\n\n<div class=\"wp-block-image\"><figure class=\"aligncenter size-large is-resized\"><img loading=\"lazy\" src=\"https:\/\/www.allergiesicher.de\/wp-content\/uploads\/2021\/04\/Eintragbuch-Allergie-Unvertraeglichkeiten-1024x683.jpg\" alt=\"\" class=\"wp-image-647\" width=\"512\" height=\"342\" srcset=\"https:\/\/www.allergiesicher.de\/wp-content\/uploads\/2021\/04\/Eintragbuch-Allergie-Unvertraeglichkeiten-1024x683.jpg 1024w, https:\/\/www.allergiesicher.de\/wp-content\/uploads\/2021\/04\/Eintragbuch-Allergie-Unvertraeglichkeiten-300x200.jpg 300w, https:\/\/www.allergiesicher.de\/wp-content\/uploads\/2021\/04\/Eintragbuch-Allergie-Unvertraeglichkeiten-768x512.jpg 768w, https:\/\/www.allergiesicher.de\/wp-content\/uploads\/2021\/04\/Eintragbuch-Allergie-Unvertraeglichkeiten-1536x1024.jpg 1536w, https:\/\/www.allergiesicher.de\/wp-content\/uploads\/2021\/04\/Eintragbuch-Allergie-Unvertraeglichkeiten-2048x1365.jpg 2048w\" sizes=\"(max-width: 512px) 100vw, 512px\" \/><\/figure><\/div>\n\n\n\n<div style=\"height:27px\" aria-hidden=\"true\" class=\"wp-block-spacer\"><\/div>\n\n\n\n<h2 class=\"has-text-align-center\">AllergieSicher- das Spiel <\/h2>\n\n\n<p style=\"text-align: center;\">Hier lernst du die Welt der Allergene spielerisch kennen. <br>Das Spiel ist mit Liebe hochwertig handgemacht produziert. <br>Mit Hilfe unterschiedlicher Spielkarten, Punktechips &amp; <br>eurer Spielfigur k\u00f6nnt ihr gemeinsam euer Wissen testen und <br>vieles Neues erfahren.<\/p>\n<p style=\"text-align: center;\"><strong>Bestellbar unter: info@allergiesicher.de<\/strong><br><strong>Preis: 21,99\u20ac <\/strong>zzgl. Versandkosten<\/p>\n\n\n<div class=\"wp-block-image\"><figure class=\"aligncenter size-large is-resized\"><img loading=\"lazy\" src=\"https:\/\/www.allergiesicher.de\/wp-content\/uploads\/2021\/04\/AllergieSicher-das-Spiel-1024x683.jpg\" alt=\"\" class=\"wp-image-646\" width=\"512\" height=\"342\" srcset=\"https:\/\/www.allergiesicher.de\/wp-content\/uploads\/2021\/04\/AllergieSicher-das-Spiel-1024x683.jpg 1024w, https:\/\/www.allergiesicher.de\/wp-content\/uploads\/2021\/04\/AllergieSicher-das-Spiel-300x200.jpg 300w, https:\/\/www.allergiesicher.de\/wp-content\/uploads\/2021\/04\/AllergieSicher-das-Spiel-768x512.jpg 768w, https:\/\/www.allergiesicher.de\/wp-content\/uploads\/2021\/04\/AllergieSicher-das-Spiel-1536x1024.jpg 1536w, https:\/\/www.allergiesicher.de\/wp-content\/uploads\/2021\/04\/AllergieSicher-das-Spiel-2048x1365.jpg 2048w\" sizes=\"(max-width: 512px) 100vw, 512px\" \/><\/figure><\/div>\n\n\n\n<div style=\"height:30px\" aria-hidden=\"true\" class=\"wp-block-spacer\"><\/div>\n\n\n\n<h2 class=\"has-text-align-center\">Lebenslust und Kochfreude mit Allergien<br><em>Das Sach- und Kochbuch in Eins<\/em><\/h2>\n\n\n\n<p class=\"has-text-align-center\">Unser Seminarbuch beantwortet mit einem Sach- und einem Rezeptteil <br>alle Ihre Fragen und l\u00e4dt zum Ausprobieren und <br>Schlemmen ein. Der Sachteil behandelt unsere 14 Hauptallergene <br>sowie 2 Unvertr\u00e4glichkeiten. <br>Alle Rezepte sind so entwickelt und angepasst worden, <br>dass sie f\u00fcr Jedermann in Frage kommen.<\/p>\n\n\n\n<p class=\"has-text-align-center\"><strong>Bestellbar unter: info@allergiesicher.de<\/strong><br><strong>Preis: 24,90\u20ac <\/strong>zzgl. Versandkosten<\/p>\n\n\n\n<div class=\"wp-block-image\"><figure class=\"aligncenter size-large is-resized\"><img loading=\"lazy\" src=\"https:\/\/www.allergiesicher.de\/wp-content\/uploads\/2023\/01\/Coverbild-Buch.jpg\" alt=\"\" class=\"wp-image-725\" width=\"351\" height=\"499\" srcset=\"https:\/\/www.allergiesicher.de\/wp-content\/uploads\/2023\/01\/Coverbild-Buch.jpg 584w, https:\/\/www.allergiesicher.de\/wp-content\/uploads\/2023\/01\/Coverbild-Buch-211x300.jpg 211w\" sizes=\"(max-width: 351px) 100vw, 351px\" \/><\/figure><\/div>\n","protected":false},"excerpt":{"rendered":"<p>AllergieSicher &#8211; Shop Alle unsere Produkte k\u00f6nnen sowohl bei uns per Email, als auch telefonisch bestellt werden. Garreler Kochbuch Jetzt NEU! Das Garreler Kochbuch! Das Garreler Kochbuch ist eine Rezeptesammlung mit \u00fcber 200 Traditions- und Lieblingsrezepten von Garreler Privatpersonen, Gastronomen, Landfrauen, Kinder und lebensmittelverarbeitenden Unternehmen. Da in dem Jahr 2022 das nette \u00d6rtchen 150 Jahre [&hellip;]<\/p>\n","protected":false},"author":2,"featured_media":0,"parent":0,"menu_order":0,"comment_status":"closed","ping_status":"closed","template":"","meta":[],"_links":{"self":[{"href":"https:\/\/www.allergiesicher.de\/index.php?rest_route=\/wp\/v2\/pages\/720"}],"collection":[{"href":"https:\/\/www.allergiesicher.de\/index.php?rest_route=\/wp\/v2\/pages"}],"about":[{"href":"https:\/\/www.allergiesicher.de\/index.php?rest_route=\/wp\/v2\/types\/page"}],"author":[{"embeddable":true,"href":"https:\/\/www.allergiesicher.de\/index.php?rest_route=\/wp\/v2\/users\/2"}],"replies":[{"embeddable":true,"href":"https:\/\/www.allergiesicher.de\/index.php?rest_route=%2Fwp%2Fv2%2Fcomments&post=720"}],"version-history":[{"count":4,"href":"https:\/\/www.allergiesicher.de\/index.php?rest_route=\/wp\/v2\/pages\/720\/revisions"}],"predecessor-version":[{"id":732,"href":"https:\/\/www.allergiesicher.de\/index.php?rest_route=\/wp\/v2\/pages\/720\/revisions\/732"}],"wp:attachment":[{"href":"https:\/\/www.allergiesicher.de\/index.php?rest_route=%2Fwp%2Fv2%2Fmedia&parent=720"}],"curies":[{"name":"wp","href":"https:\/\/api.w.org\/{rel}","templated":true}]}}