{"id":715,"date":"2023-01-25T17:33:02","date_gmt":"2023-01-25T16:33:02","guid":{"rendered":"https:\/\/www.allergiesicher.de\/?page_id=715"},"modified":"2023-02-05T10:30:49","modified_gmt":"2023-02-05T09:30:49","slug":"715-2","status":"publish","type":"page","link":"https:\/\/www.allergiesicher.de\/?page_id=715","title":{"rendered":"EVENTS"},"content":{"rendered":"\n<h2 class=\"has-text-align-center\">Events<\/h2>\n\n\n\n<p>Alle&nbsp;<strong><span class=\"has-inline-color has-vivid-red-color\">SEMINARE, SCHULUNGEN<\/span><\/strong>&nbsp;und&nbsp;<strong><span class=\"has-inline-color has-vivid-red-color\">VERANSTALTUNGEN<\/span><\/strong>&nbsp;werden speziell und individuell auf unsere Zielgruppen zugeschnitten. Die Themenschwerpunkte werden gemeinsam mit Ihnen praxisnah und interaktiv erarbeitet. Profitieren sie von unserem breiten Expertenwissen im direkten Bezug auf ihr Unternehmen. Dabei erlernen Sie nicht nur die theoretische, sondern auch die praxisbezogene Umsetzung der Inhalte.<\/p>\n\n\n\n<p>In unseren<span class=\"has-inline-color has-vivid-red-color\">&nbsp;<strong>KOCHKURSEN<\/strong><\/span>&nbsp;sind alle Gerichte alltagstauglich sowie schnell und einfach zubereitet. Die kleinen Teilnehmerzahlen erm\u00f6glichen es uns, in gem\u00fctlicher und ruhiger Atmosph\u00e4re, individuell auf jeden Einzelnen einzugehen. Dabei erhalten Sie Tipps &amp; Tricks, tolle Rezeptideen und lernen die Gerichte mit Alternativprodukten umzustellen und zu kochen. Anschlie\u00dfend steht das gemeinsame Schlemmen und Probieren der K\u00f6stlichkeiten auf dem Programm.<\/p>\n\n\n\n<p>All unsere Veranstaltungen sind alles andere als 0-8-15.<\/p>\n\n\n\n<p>Sie wollen Inhouse-Seminare, individuelle Beratungen oder Kochkurse mit ihren Freunden? Dann kontaktieren Sie uns einfach telefonisch oder per E-Mail. Wir freuen uns auf Sie.<\/p>\n\n\n\n<div style=\"height:30px\" aria-hidden=\"true\" class=\"wp-block-spacer\"><\/div>\n\n\n\n<h3 class=\"has-text-align-center\">Wichtige Info<\/h3>\n\n\n\n<p>Die genaue Adresse des Veranstaltungsortes wird Ihnen mit der Anmeldungsbest\u00e4tigung geschickt.<br>Bei hoher Nachfrage werden in den jeweiligen St\u00e4dten zus\u00e4tzliche Termine zeitnah angeboten und auf unserer Facebookseite bekannt gegeben.<\/p>\n\n\n\n<div style=\"height:45px\" aria-hidden=\"true\" class=\"wp-block-spacer\"><\/div>\n\n\n\n<p><\/p>\n","protected":false},"excerpt":{"rendered":"<p>Events Alle&nbsp;SEMINARE, SCHULUNGEN&nbsp;und&nbsp;VERANSTALTUNGEN&nbsp;werden speziell und individuell auf unsere Zielgruppen zugeschnitten. Die Themenschwerpunkte werden gemeinsam mit Ihnen praxisnah und interaktiv erarbeitet. Profitieren sie von unserem breiten Expertenwissen im direkten Bezug auf ihr Unternehmen. Dabei erlernen Sie nicht nur die theoretische, sondern auch die praxisbezogene Umsetzung der Inhalte. In unseren&nbsp;KOCHKURSEN&nbsp;sind alle Gerichte alltagstauglich sowie schnell und einfach [&hellip;]<\/p>\n","protected":false},"author":2,"featured_media":0,"parent":0,"menu_order":0,"comment_status":"closed","ping_status":"closed","template":"","meta":[],"_links":{"self":[{"href":"https:\/\/www.allergiesicher.de\/index.php?rest_route=\/wp\/v2\/pages\/715"}],"collection":[{"href":"https:\/\/www.allergiesicher.de\/index.php?rest_route=\/wp\/v2\/pages"}],"about":[{"href":"https:\/\/www.allergiesicher.de\/index.php?rest_route=\/wp\/v2\/types\/page"}],"author":[{"embeddable":true,"href":"https:\/\/www.allergiesicher.de\/index.php?rest_route=\/wp\/v2\/users\/2"}],"replies":[{"embeddable":true,"href":"https:\/\/www.allergiesicher.de\/index.php?rest_route=%2Fwp%2Fv2%2Fcomments&post=715"}],"version-history":[{"count":4,"href":"https:\/\/www.allergiesicher.de\/index.php?rest_route=\/wp\/v2\/pages\/715\/revisions"}],"predecessor-version":[{"id":730,"href":"https:\/\/www.allergiesicher.de\/index.php?rest_route=\/wp\/v2\/pages\/715\/revisions\/730"}],"wp:attachment":[{"href":"https:\/\/www.allergiesicher.de\/index.php?rest_route=%2Fwp%2Fv2%2Fmedia&parent=715"}],"curies":[{"name":"wp","href":"https:\/\/api.w.org\/{rel}","templated":true}]}}