{"id":62,"date":"2020-04-07T14:13:53","date_gmt":"2020-04-07T14:13:53","guid":{"rendered":"https:\/\/test.allergiesicher.de\/?page_id=62"},"modified":"2020-12-07T16:41:32","modified_gmt":"2020-12-07T16:41:32","slug":"privatkunden","status":"publish","type":"page","link":"https:\/\/www.allergiesicher.de\/?page_id=62","title":{"rendered":"Privatpersonen"},"content":{"rendered":"\n<h2 class=\"has-text-align-center\">Privatpersonen<\/h2>\n\n\n\n<h3 class=\"has-text-align-center\"><span class=\"has-inline-color has-black-color\">Allergieberatung + Ern\u00e4hrungsberatung = Allergiesicherheit<\/span><\/h3>\n\n\n\n<div class=\"wp-block-media-text alignwide is-stacked-on-mobile\" style=\"grid-template-columns:15% auto\"><figure class=\"wp-block-media-text__media\"><img loading=\"lazy\" width=\"135\" height=\"206\" src=\"https:\/\/www.allergiesicher.de\/wp-content\/uploads\/2020\/09\/Frgenzeichen_neu.png\" alt=\"\" class=\"wp-image-311\"\/><\/figure><div class=\"wp-block-media-text__content\">\n<p>Sie haben eine Nussallergie? Z\u00f6liakie? Laktoseintoleranz? Milcheiwei\u00dfallergie? Heuschnupfen? Histaminintoleranz? oder andere <strong>Lebensmittel-, Kontaktallergien und Co<\/strong>?<\/p>\n\n\n\n<p>Sie kennen <strong>allergische Reaktionen<\/strong> wie: R\u00f6tungen, Quaddeln, Nesselfieber, Juckreiz, Flie\u00dfschnupfen, Schwellungen, Ekzeme und juckende Augen? oder auch Symptome wie Husten, Atemnot und Verschleimungen?<\/p>\n\n\n\n<p>Eventuell hatten Sie schon einen lebensbedrohlichen <strong>anaphylaktischen Schock<\/strong>?<\/p>\n\n\n\n<p><strong>Typische Symptome<\/strong> bei Unvertr\u00e4glichkeiten wie \u00dcbelkeit, Bl\u00e4hungen, Erbrechen, V\u00f6llegef\u00fchl, Durchfall und Bauchkr\u00e4mpfe sind Ihnen nicht fremd?<\/p>\n\n\n\n<p><strong>Kreuzreaktionen<\/strong> in Verbindung mit Pollen zu beispielsweise \u00c4pfeln, Paprikagew\u00fcrz, Kr\u00e4utern, N\u00fcssen usw. kommen Ihnen bekannt vor?<\/p>\n<\/div><\/div>\n\n\n\n<div style=\"height:31px\" aria-hidden=\"true\" class=\"wp-block-spacer\"><\/div>\n\n\n\n<h3><strong>Das&nbsp; Meiden des Allergens bzw. des unvertr\u00e4glichen Stoffes ist die ges\u00fcndeste L\u00f6sung!<\/strong><\/h3>\n\n\n\n<p>Wir von AllergieSicher sind&nbsp; Allergieratgeber und Allergieberater zugleich.&nbsp; Unser <strong>Spezialgebiet <\/strong>sind Allergien (Lebensmittel, Kontakt- &amp; Pollenallergie) und Unvertr\u00e4glichkeiten &#8211; immer in Hinblick auf zus\u00e4tzliche Vermeidung von Zusatzstoffen.<\/p>\n\n\n\n<p>Wir bieten ein <strong>umfassendes Beratungsangebot<\/strong> f\u00fcr Allergiker und Menschen mit einer Unvertr\u00e4glichkeit, denn Ihre Sicherheit und gesunde Ern\u00e4hrung, ohne Verlust an N\u00e4hrstoffen ist uns wichtig.<br>Dabei wird auch ein gro\u00dfes Augenmerk auf <strong>multiple Allergien<\/strong> gesetzt.<\/p>\n\n\n\n<p>Neben detaillierten Beratungsgespr\u00e4chen lernen Sie die Probleme im Alltag selbstst\u00e4ndig zu l\u00f6sen, denn wir machen Sie ganz rasch zu einem <strong>Experten<\/strong> auf ihrem pers\u00f6nlichen Gebiet.<\/p>\n\n\n\n<div style=\"height:20px\" aria-hidden=\"true\" class=\"wp-block-spacer\"><\/div>\n\n\n\n<div class=\"wp-block-image is-style-default\"><figure class=\"aligncenter size-large is-resized\"><img loading=\"lazy\" src=\"https:\/\/www.allergiesicher.de\/wp-content\/uploads\/2020\/11\/Ernaehrungsberatung-Unvertraeglichkeiten-und-Allergien-edited-scaled.jpg\" alt=\"Allergieberatung, Ern\u00e4hrungsberatung, Allergien und Unvertr\u00e4glichkeiten, Intoleranz, Ern\u00e4hrungsberatung Allergie \" class=\"wp-image-451\" width=\"755\" height=\"566.25\" srcset=\"https:\/\/www.allergiesicher.de\/wp-content\/uploads\/2020\/11\/Ernaehrungsberatung-Unvertraeglichkeiten-und-Allergien-edited-scaled.jpg 2560w, https:\/\/www.allergiesicher.de\/wp-content\/uploads\/2020\/11\/Ernaehrungsberatung-Unvertraeglichkeiten-und-Allergien-edited-300x225.jpg 300w, https:\/\/www.allergiesicher.de\/wp-content\/uploads\/2020\/11\/Ernaehrungsberatung-Unvertraeglichkeiten-und-Allergien-edited-1024x768.jpg 1024w, https:\/\/www.allergiesicher.de\/wp-content\/uploads\/2020\/11\/Ernaehrungsberatung-Unvertraeglichkeiten-und-Allergien-edited-768x576.jpg 768w, https:\/\/www.allergiesicher.de\/wp-content\/uploads\/2020\/11\/Ernaehrungsberatung-Unvertraeglichkeiten-und-Allergien-edited-1536x1153.jpg 1536w, https:\/\/www.allergiesicher.de\/wp-content\/uploads\/2020\/11\/Ernaehrungsberatung-Unvertraeglichkeiten-und-Allergien-edited-2048x1537.jpg 2048w\" sizes=\"(max-width: 2560px) 100vw, 2560px\" \/><\/figure><\/div>\n\n\n\n<div style=\"height:31px\" aria-hidden=\"true\" class=\"wp-block-spacer\"><\/div>\n\n\n\n<h3><strong>Sie bestimmen den Beratungsablauf zu Ihrer Allergiesicherheit<\/strong><\/h3>\n\n\n\n<ul><li><strong>Individuelle Beratung<\/strong><br>Ihre Allergiesicherheit ist uns wichtig. Deswegen kann die Beratung&nbsp; bei Ihnen zu Hause oder in unseren R\u00e4umlichkeiten stattfinden.<br><br><\/li><li><strong>Analysen Ihrer Produkte und Rezepte<\/strong><br>Zusammen pr\u00fcfen wir Ihre gewohnten Produkte und passen Ihre Lieblingsrezepte an die individuellen Allergien und Unvertr\u00e4glichkeiten optimal an.<br><br><\/li><li><strong>Familienberatungen<\/strong><br>Wir beraten gerne die gesamte Familie und vermitteln dabei allen den sicheren Umgang mit Allergien.<br><br><\/li><li><strong>Gemeinsames Kochen<\/strong><br>Theoretisch Erlerntes muss nat\u00fcrlich praktisch umgesetzt werden. Falls Probleme dabei entstehen z.B. beim Backen eines glutenfreien Brotes unterst\u00fctzen wir Sie gerne.<br><br><\/li><\/ul>\n\n\n\n<div style=\"height:31px\" aria-hidden=\"true\" class=\"wp-block-spacer\"><\/div>\n\n\n\n<h3><strong>Warum ist eine&nbsp; Ern\u00e4hrungsberatung so enorm wichtig?<\/strong><\/h3>\n\n\n\n<p>Ist eine Nahrungsmittelallergie erstmal einmal diagnostiziert, so steht fest: entsprechende Lebensmittel m\u00fcssen gemieden werden. Oft denken allerdings viele Menschen dabei gar nicht nach, dass eine Ern\u00e4hrungsberatung der n\u00e4chste sinnvolle Schritt sein k\u00f6nnte.<\/p>\n\n\n\n<p>Dabei bietet eine Ern\u00e4hrungsberatung eine gro\u00dfe Hilfestellung, um das Leben mit einer Allergie oder Unvertr\u00e4glichkeit einfach und erfolgreich zu meistern.<\/p>\n\n\n\n<p><strong>Gesunde Ern\u00e4hrung und eine Verbesserung der Lebensqualit\u00e4t stehen dabei im Fokus.<\/strong><\/p>\n\n\n\n<p>Nur durch eine individuelle Ern\u00e4hrungsberatung erh\u00e4ltst du f\u00fcr dich selber und deiner Familie deine Lebensqualit\u00e4t. Dazu geh\u00f6ren folgende Schwerpunkte in der Beratung:<br><\/p>\n\n\n\n<ul><li><strong>Individuelle Ern\u00e4hrungstherapie: Meiden des Allergens<\/strong><br>Wie lese ich eine Zutatenliste? Auf welche Begrifflichkeiten muss ich achten? Was bedeuten Spuren von\u2026 f\u00fcr mich?<br><br><\/li><li><strong>Sicherheit<\/strong><br>Wie finde ich sicher die richtigen Produkte?<br><br><\/li><li><strong>Gesunde Ern\u00e4hrung<\/strong><br>Ist unser Kind bzw. bin ich mit allen N\u00e4hrstoffen versorgt?<br><br><\/li><li><strong>Lebensqualit\u00e4t<\/strong><br>Was darf ich alles und wie kann ich Dinge m\u00f6glich machen? (Kindergarten, Schule, Klassenfahrt, Arbeitsalltag, privater Alltag, Gesch\u00e4ftsessen, ausw\u00e4rts essen, Urlaub)<br>Wie strukturiere ich meinen Haushalt allergenfrei?<br>Wie trenne ich meinen allergenhaltigen Haushalt, sodass der Allergiker sicher ist? Wie kommuniziere ich meine Allergien richtig?<br>Wie nehme ich mein Kind immer mehr in die Verantwortung?<br><br><\/li><\/ul>\n\n\n\n<p><strong><span class=\"has-inline-color has-vivid-red-color\">Hinweis: Schon viele Krankenkassen \u00fcbernehmen die Kosten von Allergieberatungen. Sie m\u00fcssen lediglich eine Kosten\u00fcbernahme bei der jeweiligen Krankenkasse beantragen.<\/span><\/strong><\/p>\n\n\n\n<div style=\"height:45px\" aria-hidden=\"true\" class=\"wp-block-spacer\"><\/div>\n\n\n\n<p><img loading=\"lazy\" width=\"864\" height=\"719\" class=\"wp-image-369\" style=\"width: 150px;\" src=\"https:\/\/test.allergiesicher.de\/wp-content\/uploads\/2020\/09\/NEW.png\" alt=\"\" srcset=\"https:\/\/www.allergiesicher.de\/wp-content\/uploads\/2020\/09\/NEW.png 864w, https:\/\/www.allergiesicher.de\/wp-content\/uploads\/2020\/09\/NEW-300x250.png 300w, https:\/\/www.allergiesicher.de\/wp-content\/uploads\/2020\/09\/NEW-768x639.png 768w\" sizes=\"(max-width: 864px) 100vw, 864px\" \/><br><strong>Jetzt NEU! Sie wohnen weiter weg und haben nicht die M\u00f6glichkeit zu uns zu kommen? Ab jetzt, kein Problem mehr!<\/strong><\/p>\n\n\n\n<p><br><br>Seit M\u00e4rz 2020 bieten wir f\u00fcr IHRE Allergie\/ Unvertr\u00e4glichkeit <strong>individuell zusammengestellte<\/strong> <strong>Infopakete <\/strong>an.<\/p>\n\n\n\n<p>Sie erhalten somit<strong> ALLE <\/strong>n\u00f6tigen Infos die Sie zur Allergenvermeidung komplett ben\u00f6tigen.&nbsp;<\/p>\n\n\n\n<p>Neben den Unterlagen f\u00fcr Ihre individuelle gesundheitliche Diagnostik, geben wir Ihnen weitere folgende Infos an die Hand:<\/p>\n\n\n\n<div class=\"wp-block-columns\">\n<div class=\"wp-block-column\">\n<ul><li>Steckbrief: Mein allergisches Kind<\/li><li>Wie ern\u00e4hre ich mich ausw\u00e4rts?<\/li><li>10 Tipps f\u00fcr entspanntes Reisen<\/li><li>Die Ern\u00e4hrungspyramide f\u00fcr Allergiker<\/li><li>Lebensmittelkennzeichnung<\/li><li>Der Supermarkt- Check<\/li><li>usw.<br><br><br><\/li><\/ul>\n<\/div>\n\n\n\n<div class=\"wp-block-column is-vertically-aligned-bottom\">\n<p class=\"has-text-align-center has-text-rotate-30deg\"><span class=\"has-inline-color has-vivid-red-color\"><b><font size=\"5\">Infopaket-Komplettpreis<\/font><\/b><br>f\u00fcr nur<br><font size=\"5\"><b>149 \u20ac<\/b><\/font><\/span><\/p>\n<\/div>\n<\/div>\n","protected":false},"excerpt":{"rendered":"<p>Privatpersonen Allergieberatung + Ern\u00e4hrungsberatung = Allergiesicherheit Sie haben eine Nussallergie? Z\u00f6liakie? Laktoseintoleranz? Milcheiwei\u00dfallergie? Heuschnupfen? Histaminintoleranz? oder andere Lebensmittel-, Kontaktallergien und Co? Sie kennen allergische Reaktionen wie: R\u00f6tungen, Quaddeln, Nesselfieber, Juckreiz, Flie\u00dfschnupfen, Schwellungen, Ekzeme und juckende Augen? oder auch Symptome wie Husten, Atemnot und Verschleimungen? Eventuell hatten Sie schon einen lebensbedrohlichen anaphylaktischen Schock? Typische Symptome bei [&hellip;]<\/p>\n","protected":false},"author":1,"featured_media":0,"parent":0,"menu_order":0,"comment_status":"closed","ping_status":"closed","template":"","meta":[],"_links":{"self":[{"href":"https:\/\/www.allergiesicher.de\/index.php?rest_route=\/wp\/v2\/pages\/62"}],"collection":[{"href":"https:\/\/www.allergiesicher.de\/index.php?rest_route=\/wp\/v2\/pages"}],"about":[{"href":"https:\/\/www.allergiesicher.de\/index.php?rest_route=\/wp\/v2\/types\/page"}],"author":[{"embeddable":true,"href":"https:\/\/www.allergiesicher.de\/index.php?rest_route=\/wp\/v2\/users\/1"}],"replies":[{"embeddable":true,"href":"https:\/\/www.allergiesicher.de\/index.php?rest_route=%2Fwp%2Fv2%2Fcomments&post=62"}],"version-history":[{"count":80,"href":"https:\/\/www.allergiesicher.de\/index.php?rest_route=\/wp\/v2\/pages\/62\/revisions"}],"predecessor-version":[{"id":569,"href":"https:\/\/www.allergiesicher.de\/index.php?rest_route=\/wp\/v2\/pages\/62\/revisions\/569"}],"wp:attachment":[{"href":"https:\/\/www.allergiesicher.de\/index.php?rest_route=%2Fwp%2Fv2%2Fmedia&parent=62"}],"curies":[{"name":"wp","href":"https:\/\/api.w.org\/{rel}","templated":true}]}}