{"id":43,"date":"2020-04-07T12:28:42","date_gmt":"2020-04-07T12:28:42","guid":{"rendered":"https:\/\/test.allergiesicher.de\/?page_id=43"},"modified":"2020-11-08T16:11:16","modified_gmt":"2020-11-08T16:11:16","slug":"startseite","status":"publish","type":"page","link":"https:\/\/www.allergiesicher.de\/","title":{"rendered":"HOME"},"content":{"rendered":"\n<h2 class=\"has-text-align-center\">Beratung | Personalschulung | Kennzeichnung<\/h2>\n\n\n\n<h3 class=\"has-text-align-center\"><span class=\"has-inline-color has-black-color\">Allergen- &amp; Zusatzstoffmanagement<\/span><\/h3>\n\n\n\n<div style=\"height:30px\" aria-hidden=\"true\" class=\"wp-block-spacer\"><\/div>\n\n\n\n<h3 class=\"has-text-align-center\">Unsere Dienstleistungen<\/h3>\n\n\n\n<p>Ein optimales Allergenmanagement (inkl. Zusatzstoffmanagement), sowie die richtige Kennzeichnung von Produkten und Gerichten sind f\u00fcr Jedermann ein absolutes Muss. Egal ob Sie Privatperson, Gastronom, Unternehmer oder Bildungsbeauftragter sind, Ihre Sicherheit in Punkto Lebensmittel ist unser Erfolg. Das Ingenieursteam von AllergieSicher unterst\u00fctzt Sie daher in allen Ihren Anliegen rund um Prozesse, Entwicklung, Kennzeichnung, Kreuzkontamination, Speisekartengestaltung, loser Ware und Co.<\/p>\n\n\n\n<div style=\"height:30px\" aria-hidden=\"true\" class=\"wp-block-spacer\"><\/div>\n\n\n\n<div class=\"wp-block-columns\">\n<div class=\"wp-block-column\">\n<div class=\"wp-block-columns\">\n<div class=\"wp-block-column\">\n<figure class=\"wp-block-image size-large is-style-rounded\"><a href=\"https:\/\/www.allergiesicher.de\/?page_id=62\"><img loading=\"lazy\" width=\"512\" height=\"512\" src=\"https:\/\/www.allergiesicher.de\/wp-content\/uploads\/2020\/09\/privat.jpg\" alt=\"\" class=\"wp-image-421\" srcset=\"https:\/\/www.allergiesicher.de\/wp-content\/uploads\/2020\/09\/privat.jpg 512w, https:\/\/www.allergiesicher.de\/wp-content\/uploads\/2020\/09\/privat-300x300.jpg 300w, https:\/\/www.allergiesicher.de\/wp-content\/uploads\/2020\/09\/privat-150x150.jpg 150w\" sizes=\"(max-width: 512px) 100vw, 512px\" \/><\/a><\/figure>\n\n\n\n<h6 class=\"has-text-align-center\"><a class=\"wp-block-link\" href=\"https:\/\/www.allergiesicher.de\/?page_id=62\">Ern\u00e4hrungsberatung f\u00fcr Privatpersonen<\/a><\/h6>\n<\/div>\n\n\n\n<div class=\"wp-block-column\">\n<figure class=\"wp-block-image size-large is-style-rounded\"><a href=\"https:\/\/www.allergiesicher.de\/?page_id=64\"><img loading=\"lazy\" width=\"512\" height=\"512\" src=\"https:\/\/www.allergiesicher.de\/wp-content\/uploads\/2020\/09\/gastro.jpg\" alt=\"\" class=\"wp-image-423\" srcset=\"https:\/\/www.allergiesicher.de\/wp-content\/uploads\/2020\/09\/gastro.jpg 512w, https:\/\/www.allergiesicher.de\/wp-content\/uploads\/2020\/09\/gastro-300x300.jpg 300w, https:\/\/www.allergiesicher.de\/wp-content\/uploads\/2020\/09\/gastro-150x150.jpg 150w\" sizes=\"(max-width: 512px) 100vw, 512px\" \/><\/a><\/figure>\n\n\n\n<h6 class=\"has-text-align-center\"><a class=\"wp-block-link\" href=\"https:\/\/www.allergiesicher.de\/?page_id=64\">Gastronomie &amp; Hotellerie<\/a><\/h6>\n<\/div>\n<\/div>\n<\/div>\n\n\n\n<div class=\"wp-block-column\">\n<div class=\"wp-block-columns\">\n<div class=\"wp-block-column\">\n<figure class=\"wp-block-image size-large is-style-rounded\"><a href=\"https:\/\/www.allergiesicher.de\/?page_id=66\"><img loading=\"lazy\" width=\"512\" height=\"512\" src=\"https:\/\/www.allergiesicher.de\/wp-content\/uploads\/2020\/09\/industrie.jpg\" alt=\"\" class=\"wp-image-416\" srcset=\"https:\/\/www.allergiesicher.de\/wp-content\/uploads\/2020\/09\/industrie.jpg 512w, https:\/\/www.allergiesicher.de\/wp-content\/uploads\/2020\/09\/industrie-300x300.jpg 300w, https:\/\/www.allergiesicher.de\/wp-content\/uploads\/2020\/09\/industrie-150x150.jpg 150w\" sizes=\"(max-width: 512px) 100vw, 512px\" \/><\/a><\/figure>\n\n\n\n<h6 class=\"has-text-align-center\"><a class=\"wp-block-link\" href=\"https:\/\/www.allergiesicher.de\/?page_id=66\">Lebensmittelindustrie<\/a><\/h6>\n<\/div>\n\n\n\n<div class=\"wp-block-column\">\n<figure class=\"wp-block-image size-large is-style-rounded\"><a href=\"https:\/\/www.allergiesicher.de\/?page_id=293\"><img loading=\"lazy\" width=\"512\" height=\"512\" src=\"https:\/\/www.allergiesicher.de\/wp-content\/uploads\/2020\/09\/schulen.jpg\" alt=\"\" class=\"wp-image-424\" srcset=\"https:\/\/www.allergiesicher.de\/wp-content\/uploads\/2020\/09\/schulen.jpg 512w, https:\/\/www.allergiesicher.de\/wp-content\/uploads\/2020\/09\/schulen-300x300.jpg 300w, https:\/\/www.allergiesicher.de\/wp-content\/uploads\/2020\/09\/schulen-150x150.jpg 150w\" sizes=\"(max-width: 512px) 100vw, 512px\" \/><\/a><\/figure>\n\n\n\n<h6 class=\"has-text-align-center\"><a class=\"wp-block-link\" href=\"https:\/\/www.allergiesicher.de\/?page_id=293\">\u00d6ffentliche Bildungseinrichtungen<\/a><\/h6>\n<\/div>\n<\/div>\n<\/div>\n<\/div>\n\n\n\n<div style=\"height:30px\" aria-hidden=\"true\" class=\"wp-block-spacer\"><\/div>\n\n\n\n<h2 class=\"has-text-align-center\">Oldenburger M\u00fcnsterland | Deutschland<\/h2>\n\n\n\n<div class=\"wp-block-image\"><figure class=\"aligncenter size-large\"><img loading=\"lazy\" width=\"581\" height=\"729\" src=\"https:\/\/www.allergiesicher.de\/wp-content\/uploads\/2020\/09\/home-Uebersichtskarte.png\" alt=\"Allergiesicher Standort\" class=\"wp-image-267\" srcset=\"https:\/\/www.allergiesicher.de\/wp-content\/uploads\/2020\/09\/home-Uebersichtskarte.png 581w, https:\/\/www.allergiesicher.de\/wp-content\/uploads\/2020\/09\/home-Uebersichtskarte-239x300.png 239w\" sizes=\"(max-width: 581px) 100vw, 581px\" \/><\/figure><\/div>\n\n\n\n<p>Als deutschlandweiter Anbieter betreut AllergieSicher Gastronomen, bekannte Gastronomie- und B\u00e4ckereiketten und Lebensmittelhersteller in nahezu allen Bereichen des Allergen- und Zusatzstoffmanagements. Unser Dienstleistungsangebot umfasst hierbei Ihre individuelle Beratung, die Betreuung, die Umsetzung, sowie die Personalschulung.<\/p>\n\n\n\n<div style=\"height:30px\" aria-hidden=\"true\" class=\"wp-block-spacer\"><\/div>\n\n\n\n<h2 class=\"has-text-align-center\">Genau | Schnell | L\u00f6sungsorientiert<\/h2>\n\n\n\n<p>Gerade in einer ern\u00e4hrungsbewussten Welt wie dieser, werden Inhaltsstoffe vom Endverbraucher analysiert und kritisch bewertet. Durch unseren gezielten Einsatz zur Optimierung von Prozessen\/ Arbeitsschritten lassen sich Gefahren von Allergenen und der Einsatz von Zusatzstoffen minimieren. Genau aus diesem Grund steht Ihre optimale Kennzeichnung und Minimierung von unerw\u00fcnschten Inhaltsstoffen bei uns im Vordergrund. Unsere L\u00f6sungen sind hierbei stets einfach, schnell und optimal auf Ihren individuellen Bed\u00fcrfnissen zugeschnitten.<\/p>\n","protected":false},"excerpt":{"rendered":"<p>Beratung | Personalschulung | Kennzeichnung Allergen- &amp; Zusatzstoffmanagement Unsere Dienstleistungen Ein optimales Allergenmanagement (inkl. Zusatzstoffmanagement), sowie die richtige Kennzeichnung von Produkten und Gerichten sind f\u00fcr Jedermann ein absolutes Muss. Egal ob Sie Privatperson, Gastronom, Unternehmer oder Bildungsbeauftragter sind, Ihre Sicherheit in Punkto Lebensmittel ist unser Erfolg. Das Ingenieursteam von AllergieSicher unterst\u00fctzt Sie daher in allen [&hellip;]<\/p>\n","protected":false},"author":1,"featured_media":0,"parent":0,"menu_order":0,"comment_status":"closed","ping_status":"closed","template":"","meta":[],"_links":{"self":[{"href":"https:\/\/www.allergiesicher.de\/index.php?rest_route=\/wp\/v2\/pages\/43"}],"collection":[{"href":"https:\/\/www.allergiesicher.de\/index.php?rest_route=\/wp\/v2\/pages"}],"about":[{"href":"https:\/\/www.allergiesicher.de\/index.php?rest_route=\/wp\/v2\/types\/page"}],"author":[{"embeddable":true,"href":"https:\/\/www.allergiesicher.de\/index.php?rest_route=\/wp\/v2\/users\/1"}],"replies":[{"embeddable":true,"href":"https:\/\/www.allergiesicher.de\/index.php?rest_route=%2Fwp%2Fv2%2Fcomments&post=43"}],"version-history":[{"count":53,"href":"https:\/\/www.allergiesicher.de\/index.php?rest_route=\/wp\/v2\/pages\/43\/revisions"}],"predecessor-version":[{"id":442,"href":"https:\/\/www.allergiesicher.de\/index.php?rest_route=\/wp\/v2\/pages\/43\/revisions\/442"}],"wp:attachment":[{"href":"https:\/\/www.allergiesicher.de\/index.php?rest_route=%2Fwp%2Fv2%2Fmedia&parent=43"}],"curies":[{"name":"wp","href":"https:\/\/api.w.org\/{rel}","templated":true}]}}