{"id":293,"date":"2020-09-19T09:18:55","date_gmt":"2020-09-19T09:18:55","guid":{"rendered":"https:\/\/test.allergiesicher.de\/?page_id=293"},"modified":"2020-09-25T14:31:10","modified_gmt":"2020-09-25T14:31:10","slug":"oeffentliche-bildungseinrichtungen","status":"publish","type":"page","link":"https:\/\/www.allergiesicher.de\/?page_id=293","title":{"rendered":"\u00f6ffentliche Bildungseinrichtungen"},"content":{"rendered":"\n<h2 class=\"has-text-align-center\">\u00f6ffentliche Bildungseinrichtungen<\/h2>\n\n\n\n<h3 class=\"has-text-align-center\"><span class=\"has-inline-color has-black-color\">Schulen | Kinderg\u00e4rten | \u00f6ffentliche Einrichtungen<\/span><\/h3>\n\n\n\n<div style=\"height:30px\" aria-hidden=\"true\" class=\"wp-block-spacer\"><\/div>\n\n\n\n<h3 class=\"has-text-align-center\">Kennen Sie schon unsere Kampange \u201eAllergiefreiheit- Genuss ohne Kompromisse\u201c?<\/h3>\n\n\n\n<h3 class=\"has-text-align-center\"><strong><span class=\"has-inline-color has-black-color\">&#8222;Schule gef\u00e4hrdet die Gesundheit?&#8220; &#8211; Oder auch nicht!<\/span><\/strong><\/h3>\n\n\n\n<p>Wir haben die Kampange \u201eAllergiefreiheit- Genuss ohne Kompromisse\u201c an Schulen ins Leben gerufen, um Mobbingf\u00e4lle gegen\u00fcber Kindern mit Allergien oder Unvertr\u00e4glichkeiten zu minimieren. Da immer mehr Kinder von einer Allergie oder einer Unvertr\u00e4glichkeit betroffen sind, ist eine theoretische und praktische Aufkl\u00e4rung in Klassen umso wichtiger. Dabei lernen die Kinder unter anderem unsere 14 Hauptallergene, die sie selbstst\u00e4ndig zuordnen sollen, kennen. Au\u00dferdem werden ihnen Alternativprodukte vorgestellt, die nicht nur in einem Allergikerhaushalt verwendet werden. In Bezug darauf, lernen die Kinder Lebensmittelkennzeichnungen richtig zu verstehen und Menschen bei einem allergischen Notfall sicher zu helfen. Gerne k\u00f6nnen wir die erlenten F\u00e4higkeiten gemeinsam im Hauswirtschaftsuntericht praktisch umsetzen. Zus\u00e4tzlich k\u00f6nnen an Schulen Aufsichtspersonen, wie Lehrer und Lehrerinnen hinsichtlich eines allergischen Notfalls geschult werden. Sie erhalten dabei Grundkenntnisse zu unseren 14 Hauptallergenen und Unvertr\u00e4glichkeiten. Aber auch Hilfen und Umsetzungsm\u00f6glichkeiten zur Verbesserung der Kindessicherheit wird vermittelt. In der Schulung selber, werden aber auch Fragen wie \u201eWas muss ich tun, wenn einer meiner Sch\u00fcler mit einer Unvertr\u00e4glichkeit oder einer Allergie mit auf Klassenfahrt f\u00e4hrt?\u201c \u201eWie gehe ich mit einem allergischen Kind um?\u201c usw. behandelt.<\/p>\n\n\n\n<div style=\"height:30px\" aria-hidden=\"true\" class=\"wp-block-spacer\"><\/div>\n\n\n\n<h3 class=\"has-text-align-center\">Kinderg\u00e4rten, Kitas &amp; Tagesm\u00fctter<\/h3>\n\n\n\n<p>Immer mehr junge Kinder sind auf Lebensmittel allergisch oder haben gar eine Unvertr\u00e4glichkeit. Die Tendenzen sind erschreckend steigend. Aber wie gehe ich als Erzieherin, Aufsichtsperson oder Tagesmutter mit einem solchen Kind um? Wie erkenne ich eine Gefahr? Was muss ich beachten, wenn ein Kindergartenkind seinen Geburtstag mit S\u00fc\u00dfigkeiten feiert? Das sind wenige von vielen Fragen, die Sie sich in so einer Situation bestimmt stellen. Wir m\u00f6chten Ihnen gerne helfen und bieten eine gezielte Schulung f\u00fcr Ihr n\u00f6tiges Know- how an, sodass Sie f\u00fcr jede Situation gewidmet sind. Dabei wird auch ein allergischer Notfall mit den richtigen Handlungen nachgestellt. Aber auch Hilfen und Umsetzungsm\u00f6glichkeiten zur Verbesserung der Kindessicherheit werden vermittelt, denn je kleiner bzw. j\u00fcnger die Kinder sind, desto weniger verstehen sie was sie essen d\u00fcrfen und was eine Gefahr birgt.<\/p>\n","protected":false},"excerpt":{"rendered":"<p>\u00f6ffentliche Bildungseinrichtungen Schulen | Kinderg\u00e4rten | \u00f6ffentliche Einrichtungen Kennen Sie schon unsere Kampange \u201eAllergiefreiheit- Genuss ohne Kompromisse\u201c? &#8222;Schule gef\u00e4hrdet die Gesundheit?&#8220; &#8211; Oder auch nicht! Wir haben die Kampange \u201eAllergiefreiheit- Genuss ohne Kompromisse\u201c an Schulen ins Leben gerufen, um Mobbingf\u00e4lle gegen\u00fcber Kindern mit Allergien oder Unvertr\u00e4glichkeiten zu minimieren. Da immer mehr Kinder von einer Allergie [&hellip;]<\/p>\n","protected":false},"author":2,"featured_media":0,"parent":0,"menu_order":0,"comment_status":"closed","ping_status":"closed","template":"","meta":[],"_links":{"self":[{"href":"https:\/\/www.allergiesicher.de\/index.php?rest_route=\/wp\/v2\/pages\/293"}],"collection":[{"href":"https:\/\/www.allergiesicher.de\/index.php?rest_route=\/wp\/v2\/pages"}],"about":[{"href":"https:\/\/www.allergiesicher.de\/index.php?rest_route=\/wp\/v2\/types\/page"}],"author":[{"embeddable":true,"href":"https:\/\/www.allergiesicher.de\/index.php?rest_route=\/wp\/v2\/users\/2"}],"replies":[{"embeddable":true,"href":"https:\/\/www.allergiesicher.de\/index.php?rest_route=%2Fwp%2Fv2%2Fcomments&post=293"}],"version-history":[{"count":5,"href":"https:\/\/www.allergiesicher.de\/index.php?rest_route=\/wp\/v2\/pages\/293\/revisions"}],"predecessor-version":[{"id":399,"href":"https:\/\/www.allergiesicher.de\/index.php?rest_route=\/wp\/v2\/pages\/293\/revisions\/399"}],"wp:attachment":[{"href":"https:\/\/www.allergiesicher.de\/index.php?rest_route=%2Fwp%2Fv2%2Fmedia&parent=293"}],"curies":[{"name":"wp","href":"https:\/\/api.w.org\/{rel}","templated":true}]}}